{"id":626,"date":"2025-07-22T15:38:13","date_gmt":"2025-07-22T13:38:13","guid":{"rendered":"https:\/\/www.abk6-family-estate.com\/?page_id=626"},"modified":"2026-04-13T13:03:15","modified_gmt":"2026-04-13T11:03:15","slug":"nos-origines","status":"publish","type":"page","link":"https:\/\/www.abk6-family-estate.com\/en\/nos-origines\/","title":{"rendered":"ABK6 Family"},"content":{"rendered":"","protected":false},"excerpt":{"rendered":"","protected":false},"author":2,"featured_media":0,"parent":0,"menu_order":0,"comment_status":"closed","ping_status":"closed","template":"","meta":{"_seopress_robots_primary_cat":"","_seopress_titles_title":"","_seopress_titles_desc":"Forts de notre ma\u00eetrise du cognac, nous \u00e9largissons notre horizon avec une ambition claire : sublimer les vins de Bordeaux avec le m\u00eame niveau d\u2019exigence.","_seopress_robots_index":"","_et_pb_use_builder":"on","_et_pb_old_content":"","_et_gb_content_width":"","footnotes":""},"class_list":["post-626","page","type-page","status-publish","hentry"],"_links":{"self":[{"href":"https:\/\/www.abk6-family-estate.com\/en\/wp-json\/wp\/v2\/pages\/626","targetHints":{"allow":["GET"]}}],"collection":[{"href":"https:\/\/www.abk6-family-estate.com\/en\/wp-json\/wp\/v2\/pages"}],"about":[{"href":"https:\/\/www.abk6-family-estate.com\/en\/wp-json\/wp\/v2\/types\/page"}],"author":[{"embeddable":true,"href":"https:\/\/www.abk6-family-estate.com\/en\/wp-json\/wp\/v2\/users\/2"}],"replies":[{"embeddable":true,"href":"https:\/\/www.abk6-family-estate.com\/en\/wp-json\/wp\/v2\/comments?post=626"}],"version-history":[{"count":0,"href":"https:\/\/www.abk6-family-estate.com\/en\/wp-json\/wp\/v2\/pages\/626\/revisions"}],"wp:attachment":[{"href":"https:\/\/www.abk6-family-estate.com\/en\/wp-json\/wp\/v2\/media?parent=626"}],"curies":[{"name":"wp","href":"https:\/\/api.w.org\/{rel}","templated":true}]}}